{"id":5581,"date":"2025-01-07T15:26:05","date_gmt":"2025-01-07T15:26:05","guid":{"rendered":"https:\/\/powerplaypro.com\/?page_id=5581"},"modified":"2025-01-20T19:41:38","modified_gmt":"2025-01-20T19:41:38","slug":"termes-et-conditions-avis","status":"publish","type":"page","link":"https:\/\/powerplaypro.com\/fr\/termes-et-conditions-avis\/","title":{"rendered":"Termes et conditions &#8211; Avis"},"content":{"rendered":"\n<p><strong>CONDITIONS D&rsquo;UTILISATION DES NOTES ET AVIS DES CLIENTS ET DES QUESTIONS ET R\u00c9PONSES<\/strong><br>Ces conditions d&rsquo;utilisation r\u00e9gissent votre conduite associ\u00e9e au service de notes et avis des clients et\/ou de questions et r\u00e9ponses propos\u00e9 par Powerplay (le \u00ab service CRR \u00bb).<\/p>\n\n\n\n<p><strong>En soumettant un contenu \u00e0 Powerplay, vous garantissez que&nbsp;:<\/strong><\/p>\n\n\n\n<p>Vous \u00eates l&rsquo;unique auteur et propri\u00e9taire des droits de propri\u00e9t\u00e9 intellectuelle sur le contenu&nbsp;;<br>Vous avez volontairement renonc\u00e9 \u00e0 tous les \u00ab&nbsp;droits moraux&nbsp;\u00bb que vous pourriez avoir sur ce contenu&nbsp;;<br>Tout le contenu que vous publiez est exact&nbsp;;<\/p>\n\n\n\n<ul class=\"wp-block-list\">\n<li>Vous avez au moins 18 ans&nbsp;;<\/li>\n\n\n\n<li>L&rsquo;utilisation du contenu que vous fournissez ne viole pas les pr\u00e9sentes conditions d&rsquo;utilisation et ne causera aucun pr\u00e9judice \u00e0 une personne ou \u00e0 une entit\u00e9.<\/li>\n<\/ul>\n\n\n\n<p><strong>Vous acceptez en outre de ne pas soumettre de contenu&nbsp;:<\/strong><\/p>\n\n\n\n<p>Dont vous savez qu&rsquo;il est faux, inexact ou trompeur&nbsp;;<br>Qui enfreint les droits d&rsquo;auteur, brevets, marques d\u00e9pos\u00e9es, secrets commerciaux ou autres droits de propri\u00e9t\u00e9 ou droits de publicit\u00e9 ou de confidentialit\u00e9 d&rsquo;un tiers&nbsp;;<br><br>Qui enfreint toute loi, tout statut, toute ordonnance ou tout r\u00e8glement (y compris, mais sans s&rsquo;y limiter, ceux r\u00e9gissant la protection des consommateurs, la concurrence d\u00e9loyale, la lutte contre la discrimination ou la publicit\u00e9 mensong\u00e8re)&nbsp;;<br><br>Qui est, ou peut raisonnablement \u00eatre consid\u00e9r\u00e9 comme, diffamatoire, calomnieux, haineux, racialement ou religieusement biais\u00e9 ou offensant, mena\u00e7ant ill\u00e9galement ou harcelant ill\u00e9galement toute personne, partenariat ou soci\u00e9t\u00e9&nbsp;;<br><br>Pour lequel vous avez \u00e9t\u00e9 r\u00e9mun\u00e9r\u00e9 ou avez re\u00e7u une contrepartie de la part d&rsquo;un tiers non approuv\u00e9&nbsp;;<br>Cela inclut toute information faisant r\u00e9f\u00e9rence \u00e0 d&rsquo;autres sites Web, adresses, adresses e-mail, coordonn\u00e9es ou num\u00e9ros de t\u00e9l\u00e9phone&nbsp;;<br>Qui contient des virus informatiques, des vers ou d&rsquo;autres programmes ou fichiers informatiques potentiellement nuisibles.<\/p>\n\n\n\n<p>Vous acceptez d&rsquo;indemniser et de d\u00e9gager Powerplay (et ses dirigeants, administrateurs, agents, filiales, coentreprises, employ\u00e9s et fournisseurs de services tiers) de toute r\u00e9clamation, demande et dommages (r\u00e9els et cons\u00e9cutifs) de toute nature, connus et inconnus, y compris les honoraires raisonnables d&rsquo;avocats, d\u00e9coulant d&rsquo;une violation de vos d\u00e9clarations et garanties \u00e9nonc\u00e9es ci-dessus, ou de votre violation de toute loi ou des droits d&rsquo;un tiers.<\/p>\n\n\n\n<p>Pour tout contenu que vous soumettez, vous accordez \u00e0 Powerplay un droit et une licence perp\u00e9tuels, irr\u00e9vocables, libres de redevances et transf\u00e9rables pour utiliser, copier, modifier, supprimer dans son int\u00e9gralit\u00e9, adapter, publier, traduire, cr\u00e9er des \u0153uvres d\u00e9riv\u00e9es et\/ou vendre et\/ou distribuer ce contenu et\/ou incorporer ce contenu sous toute forme, support ou technologie dans le monde entier sans compensation pour vous.<\/p>\n\n\n\n<p>Tout le contenu que vous soumettez peut \u00eatre utilis\u00e9 \u00e0 la seule discr\u00e9tion de Powerplay. Powerplay se r\u00e9serve le droit de modifier, condenser, retenir la publication, retirer ou supprimer tout contenu du site Web de Powerplay que Powerplay consid\u00e8re, \u00e0 sa seule discr\u00e9tion, comme enfreignant les directives relatives au contenu ou toute autre disposition des pr\u00e9sentes conditions d&rsquo;utilisation. Powerplay ne garantit pas que vous disposerez d&rsquo;un recours par l&rsquo;interm\u00e9diaire de Powerplay pour modifier ou supprimer tout contenu que vous avez soumis. <\/p>\n\n\n\n<p>Les notes et les commentaires \u00e9crits sont g\u00e9n\u00e9ralement publi\u00e9s dans un d\u00e9lai de deux \u00e0 quatre jours ouvrables. Cependant, Powerplay se r\u00e9serve le droit de supprimer ou de refuser de publier toute soumission dans la mesure autoris\u00e9e par la loi. Vous reconnaissez que vous, et non Powerplay, \u00eates responsable du contenu de votre soumission. Aucun contenu que vous soumettez ne sera soumis \u00e0 une obligation de confidentialit\u00e9 de la part de Powerplay, de ses agents, filiales, soci\u00e9t\u00e9s affili\u00e9es, partenaires ou fournisseurs de services tiers et de leurs administrateurs, dirigeants et employ\u00e9s respectifs.<\/p>\n","protected":false},"excerpt":{"rendered":"<p>CONDITIONS D&rsquo;UTILISATION DES NOTES ET AVIS DES CLIENTS ET DES QUESTIONS ET R\u00c9PONSESCes conditions d&rsquo;utilisation r\u00e9gissent votre conduite associ\u00e9e au [&hellip;]<\/p>\n","protected":false},"author":3,"featured_media":0,"parent":0,"menu_order":0,"comment_status":"closed","ping_status":"closed","template":"","meta":{"_glsr_average":0,"_glsr_ranking":0,"_glsr_reviews":0,"footnotes":""},"class_list":["post-5581","page","type-page","status-publish","hentry"],"acf":[],"yoast_head":"<!-- This site is optimized with the Yoast SEO plugin v27.3 - https:\/\/yoast.com\/product\/yoast-seo-wordpress\/ -->\n<title>Termes et conditions - Avis | POWERPLAY\u00ae<\/title>\n<meta name=\"robots\" content=\"index, follow, max-snippet:-1, max-image-preview:large, max-video-preview:-1\" \/>\n<link rel=\"canonical\" href=\"https:\/\/powerplaypro.com\/fr\/termes-et-conditions-avis\/\" \/>\n<meta property=\"og:locale\" content=\"fr_FR\" \/>\n<meta property=\"og:type\" content=\"article\" \/>\n<meta property=\"og:title\" content=\"Termes et conditions - Avis | POWERPLAY\u00ae\" \/>\n<meta property=\"og:description\" content=\"CONDITIONS D&rsquo;UTILISATION DES NOTES ET AVIS DES CLIENTS ET DES QUESTIONS ET R\u00c9PONSESCes conditions d&rsquo;utilisation r\u00e9gissent votre conduite associ\u00e9e au [&hellip;]\" \/>\n<meta property=\"og:url\" content=\"https:\/\/powerplaypro.com\/fr\/termes-et-conditions-avis\/\" \/>\n<meta property=\"og:site_name\" content=\"POWERPLAY\u00ae\" \/>\n<meta property=\"article:publisher\" content=\"https:\/\/www.facebook.com\/powerplaypro\/\" \/>\n<meta property=\"article:modified_time\" content=\"2025-01-20T19:41:38+00:00\" \/>\n<meta property=\"og:image\" content=\"https:\/\/powerplaypro.com\/wp-content\/uploads\/2023\/04\/about.png\" \/>\n\t<meta property=\"og:image:width\" content=\"1440\" \/>\n\t<meta property=\"og:image:height\" content=\"955\" \/>\n\t<meta property=\"og:image:type\" content=\"image\/png\" \/>\n<meta name=\"twitter:card\" content=\"summary_large_image\" \/>\n<meta name=\"twitter:site\" content=\"@powerplaypro\" \/>\n<meta name=\"twitter:label1\" content=\"Dur\u00e9e de lecture estim\u00e9e\" \/>\n\t<meta name=\"twitter:data1\" content=\"3 minutes\" \/>\n<script type=\"application\/ld+json\" class=\"yoast-schema-graph\">{\"@context\":\"https:\\\/\\\/schema.org\",\"@graph\":[{\"@type\":\"WebPage\",\"@id\":\"https:\\\/\\\/powerplaypro.com\\\/fr\\\/termes-et-conditions-avis\\\/\",\"url\":\"https:\\\/\\\/powerplaypro.com\\\/fr\\\/termes-et-conditions-avis\\\/\",\"name\":\"Termes et conditions - Avis | POWERPLAY\u00ae\",\"isPartOf\":{\"@id\":\"https:\\\/\\\/powerplaypro.com\\\/fr\\\/#website\"},\"datePublished\":\"2025-01-07T15:26:05+00:00\",\"dateModified\":\"2025-01-20T19:41:38+00:00\",\"breadcrumb\":{\"@id\":\"https:\\\/\\\/powerplaypro.com\\\/fr\\\/termes-et-conditions-avis\\\/#breadcrumb\"},\"inLanguage\":\"fr-FR\",\"potentialAction\":[{\"@type\":\"ReadAction\",\"target\":[\"https:\\\/\\\/powerplaypro.com\\\/fr\\\/termes-et-conditions-avis\\\/\"]}]},{\"@type\":\"BreadcrumbList\",\"@id\":\"https:\\\/\\\/powerplaypro.com\\\/fr\\\/termes-et-conditions-avis\\\/#breadcrumb\",\"itemListElement\":[{\"@type\":\"ListItem\",\"position\":1,\"name\":\"Home\",\"item\":\"https:\\\/\\\/powerplaypro.com\\\/fr\\\/\"},{\"@type\":\"ListItem\",\"position\":2,\"name\":\"Termes et conditions &#8211; Avis\"}]},{\"@type\":\"WebSite\",\"@id\":\"https:\\\/\\\/powerplaypro.com\\\/fr\\\/#website\",\"url\":\"https:\\\/\\\/powerplaypro.com\\\/fr\\\/\",\"name\":\"POWERPLAY\u00ae\",\"description\":\"Power Washers for Today&#039;s Dirt Warriors\u00ae\",\"publisher\":{\"@id\":\"https:\\\/\\\/powerplaypro.com\\\/fr\\\/#organization\"},\"potentialAction\":[{\"@type\":\"SearchAction\",\"target\":{\"@type\":\"EntryPoint\",\"urlTemplate\":\"https:\\\/\\\/powerplaypro.com\\\/fr\\\/?s={search_term_string}\"},\"query-input\":{\"@type\":\"PropertyValueSpecification\",\"valueRequired\":true,\"valueName\":\"search_term_string\"}}],\"inLanguage\":\"fr-FR\"},{\"@type\":\"Organization\",\"@id\":\"https:\\\/\\\/powerplaypro.com\\\/fr\\\/#organization\",\"name\":\"POWERPLAY\u00ae\",\"alternateName\":\"POWERPLAY\u00ae\",\"url\":\"https:\\\/\\\/powerplaypro.com\\\/fr\\\/\",\"logo\":{\"@type\":\"ImageObject\",\"inLanguage\":\"fr-FR\",\"@id\":\"https:\\\/\\\/powerplaypro.com\\\/fr\\\/#\\\/schema\\\/logo\\\/image\\\/\",\"url\":\"https:\\\/\\\/powerplaypro.com\\\/wp-content\\\/uploads\\\/2023\\\/04\\\/powerplay-logo.svg\",\"contentUrl\":\"https:\\\/\\\/powerplaypro.com\\\/wp-content\\\/uploads\\\/2023\\\/04\\\/powerplay-logo.svg\",\"width\":274,\"height\":56,\"caption\":\"POWERPLAY\u00ae\"},\"image\":{\"@id\":\"https:\\\/\\\/powerplaypro.com\\\/fr\\\/#\\\/schema\\\/logo\\\/image\\\/\"},\"sameAs\":[\"https:\\\/\\\/www.facebook.com\\\/powerplaypro\\\/\",\"https:\\\/\\\/x.com\\\/powerplaypro\",\"https:\\\/\\\/www.instagram.com\\\/powerplaywashers\\\/\",\"https:\\\/\\\/www.youtube.com\\\/channel\\\/UCrNVJaW1YdNv_OeBIRaMSvg?view_as=subscriber\"]}]}<\/script>\n<!-- \/ Yoast SEO plugin. -->","yoast_head_json":{"title":"Termes et conditions - Avis | POWERPLAY\u00ae","robots":{"index":"index","follow":"follow","max-snippet":"max-snippet:-1","max-image-preview":"max-image-preview:large","max-video-preview":"max-video-preview:-1"},"canonical":"https:\/\/powerplaypro.com\/fr\/termes-et-conditions-avis\/","og_locale":"fr_FR","og_type":"article","og_title":"Termes et conditions - Avis | POWERPLAY\u00ae","og_description":"CONDITIONS D&rsquo;UTILISATION DES NOTES ET AVIS DES CLIENTS ET DES QUESTIONS ET R\u00c9PONSESCes conditions d&rsquo;utilisation r\u00e9gissent votre conduite associ\u00e9e au [&hellip;]","og_url":"https:\/\/powerplaypro.com\/fr\/termes-et-conditions-avis\/","og_site_name":"POWERPLAY\u00ae","article_publisher":"https:\/\/www.facebook.com\/powerplaypro\/","article_modified_time":"2025-01-20T19:41:38+00:00","og_image":[{"width":1440,"height":955,"url":"https:\/\/powerplaypro.com\/wp-content\/uploads\/2023\/04\/about.png","type":"image\/png"}],"twitter_card":"summary_large_image","twitter_site":"@powerplaypro","twitter_misc":{"Dur\u00e9e de lecture estim\u00e9e":"3 minutes"},"schema":{"@context":"https:\/\/schema.org","@graph":[{"@type":"WebPage","@id":"https:\/\/powerplaypro.com\/fr\/termes-et-conditions-avis\/","url":"https:\/\/powerplaypro.com\/fr\/termes-et-conditions-avis\/","name":"Termes et conditions - Avis | POWERPLAY\u00ae","isPartOf":{"@id":"https:\/\/powerplaypro.com\/fr\/#website"},"datePublished":"2025-01-07T15:26:05+00:00","dateModified":"2025-01-20T19:41:38+00:00","breadcrumb":{"@id":"https:\/\/powerplaypro.com\/fr\/termes-et-conditions-avis\/#breadcrumb"},"inLanguage":"fr-FR","potentialAction":[{"@type":"ReadAction","target":["https:\/\/powerplaypro.com\/fr\/termes-et-conditions-avis\/"]}]},{"@type":"BreadcrumbList","@id":"https:\/\/powerplaypro.com\/fr\/termes-et-conditions-avis\/#breadcrumb","itemListElement":[{"@type":"ListItem","position":1,"name":"Home","item":"https:\/\/powerplaypro.com\/fr\/"},{"@type":"ListItem","position":2,"name":"Termes et conditions &#8211; Avis"}]},{"@type":"WebSite","@id":"https:\/\/powerplaypro.com\/fr\/#website","url":"https:\/\/powerplaypro.com\/fr\/","name":"POWERPLAY\u00ae","description":"Power Washers for Today&#039;s Dirt Warriors\u00ae","publisher":{"@id":"https:\/\/powerplaypro.com\/fr\/#organization"},"potentialAction":[{"@type":"SearchAction","target":{"@type":"EntryPoint","urlTemplate":"https:\/\/powerplaypro.com\/fr\/?s={search_term_string}"},"query-input":{"@type":"PropertyValueSpecification","valueRequired":true,"valueName":"search_term_string"}}],"inLanguage":"fr-FR"},{"@type":"Organization","@id":"https:\/\/powerplaypro.com\/fr\/#organization","name":"POWERPLAY\u00ae","alternateName":"POWERPLAY\u00ae","url":"https:\/\/powerplaypro.com\/fr\/","logo":{"@type":"ImageObject","inLanguage":"fr-FR","@id":"https:\/\/powerplaypro.com\/fr\/#\/schema\/logo\/image\/","url":"https:\/\/powerplaypro.com\/wp-content\/uploads\/2023\/04\/powerplay-logo.svg","contentUrl":"https:\/\/powerplaypro.com\/wp-content\/uploads\/2023\/04\/powerplay-logo.svg","width":274,"height":56,"caption":"POWERPLAY\u00ae"},"image":{"@id":"https:\/\/powerplaypro.com\/fr\/#\/schema\/logo\/image\/"},"sameAs":["https:\/\/www.facebook.com\/powerplaypro\/","https:\/\/x.com\/powerplaypro","https:\/\/www.instagram.com\/powerplaywashers\/","https:\/\/www.youtube.com\/channel\/UCrNVJaW1YdNv_OeBIRaMSvg?view_as=subscriber"]}]}},"_links":{"self":[{"href":"https:\/\/powerplaypro.com\/fr\/wp-json\/wp\/v2\/pages\/5581","targetHints":{"allow":["GET"]}}],"collection":[{"href":"https:\/\/powerplaypro.com\/fr\/wp-json\/wp\/v2\/pages"}],"about":[{"href":"https:\/\/powerplaypro.com\/fr\/wp-json\/wp\/v2\/types\/page"}],"author":[{"embeddable":true,"href":"https:\/\/powerplaypro.com\/fr\/wp-json\/wp\/v2\/users\/3"}],"replies":[{"embeddable":true,"href":"https:\/\/powerplaypro.com\/fr\/wp-json\/wp\/v2\/comments?post=5581"}],"version-history":[{"count":3,"href":"https:\/\/powerplaypro.com\/fr\/wp-json\/wp\/v2\/pages\/5581\/revisions"}],"predecessor-version":[{"id":5717,"href":"https:\/\/powerplaypro.com\/fr\/wp-json\/wp\/v2\/pages\/5581\/revisions\/5717"}],"wp:attachment":[{"href":"https:\/\/powerplaypro.com\/fr\/wp-json\/wp\/v2\/media?parent=5581"}],"curies":[{"name":"wp","href":"https:\/\/api.w.org\/{rel}","templated":true}]}}