{"id":1497,"date":"2023-04-03T15:23:14","date_gmt":"2023-04-03T15:23:14","guid":{"rendered":"https:\/\/powerplaypro.com\/terms-conditions\/"},"modified":"2023-04-17T18:07:51","modified_gmt":"2023-04-17T18:07:51","slug":"termes-conditions","status":"publish","type":"page","link":"https:\/\/powerplaypro.com\/fr\/termes-conditions\/","title":{"rendered":"Termes &#038; Conditions"},"content":{"rendered":"\n<h2 class=\"wp-block-heading\"><strong>PARTIE I \u2013 G\u00c9N\u00c9RALIT\u00c9S<\/strong><\/h2>\n\n\n\n<p>Bienvenue \u00e0 Powerplaypro.com, un site web d\u00e9tenu et exploit\u00e9 par Powerplay Inc. (ci-apr\u00e8s d\u00e9nomm\u00e9 \u00ab powerplaypro.com \u00bb ou \u00able Site\u00bb). Les Termes et Conditions suivants (ci-apr\u00e8s \u00ab l\u2019Accord \u00bb) constituent un contrat ex\u00e9cutoire entre vous, le Client, et Powerplaypro.com. Le terme \u00abClient\u00bb d\u00e9signe la personne acc\u00e9dant ou utilisant le Site, ou la soci\u00e9t\u00e9 ou l\u2019organisation au nom de laquelle cette personne acc\u00e8de ou utilise le Site.<br>Les Termes et Conditions doivent \u00eatre lus conjointement avec la Politique de Confidentialit\u00e9 qui r\u00e9git l\u2019utilisation<br>de ce Site.<\/p>\n\n\n\n<p>En acc\u00e9dant et en utilisant ce Site, (m\u00eame si la visite ne comprend pas d\u2019activit\u00e9 commerciale), vous acceptez express\u00e9ment d\u2019\u00eatre li\u00e9 et de respecter ces Termes et Conditions ainsi que toutes les lois et r\u00e8glements applicables r\u00e9gissant le Site. Si vous n\u2019acceptez pas ces termes, vous devez cesser votre utilisation du Site.<\/p>\n\n\n\n<p>Powerplaypro.com se r\u00e9serve le droit de mettre \u00e0 jour et de modifier ces Termes et Conditions \u00e0 tout moment et pour toute raison, y compris, mais sans s\u2019y limiter, tout droit concernant la Politique de Confidentialit\u00e9. Veuillez revoir ces Termes et Conditions et la Politique de Confidentialit\u00e9 r\u00e9guli\u00e8rement afin de prendre connaissance de tout changement. Powerplaypro.com n\u2019enverra pas d\u2019avis de quelque sorte que ce soit au client lorsque des modifications seront apport\u00e9es au Site, aux Termes et Conditions et \u00e0 la Politique de Confidentialit\u00e9. Les mises \u00e0 jour et modifications apport\u00e9es aux Termes et Conditions seront accessibles sur le Site. Si vous continuez d\u2019utiliser ce site Web apr\u00e8s l\u2019affichage des nouveaux Termes et Conditions, vous serez r\u00e9put\u00e9 avoir accept\u00e9 les modifications.<\/p>\n\n\n\n<h2 class=\"wp-block-heading\"><strong>1 \u2013 INFORMATION \u00c0 LA CLIENT\u00c8LE<\/strong><\/h2>\n\n\n\n<p>Afin d\u2019utiliser certains services et avantages de Powerplaypro.com, vous pouvez \u00eatre invit\u00e9 \u00e0 fournir des renseignements personnels (tout renseignement au sujet d\u2019une personne identifiable, par exemple son nom, son adresse ou son num\u00e9ro de t\u00e9l\u00e9phone, etc.) dans le cadre du processus d\u2019enregistrement, ou dans le cadre de votre utilisation continue de nos services. Afin d\u2019utiliser notre site en toute bonne foi, lors de votre inscription avec Powerplaypro.com, vous acceptez de transmettre au Site de l\u2019information exacte, compl\u00e8te et \u00e0 jour.<\/p>\n\n\n\n<h2 class=\"wp-block-heading\"><strong>2 \u2013 MOTS DE PASSE ET S\u00c9CURIT\u00c9 DES COMPTES CLIENTS<\/strong><\/h2>\n\n\n\n<p>\u00c0 moins d\u2019une clause \u00e0 l\u2019effet contraire et express\u00e9ment stipul\u00e9e dans la Politique de Confidentialit\u00e9, il est de votre responsabilit\u00e9 personnelle et enti\u00e8re de prot\u00e9ger votre mot de passe ainsi que de vous assurer de la confidentialit\u00e9 des activit\u00e9s reli\u00e9es \u00e0 votre compte. Vous convenez que vous serez seul tenu responsable pour toutes les activit\u00e9s qui ont lieu sous votre compte. Si vous avez connaissance d\u2019une utilisation non autoris\u00e9e de votre mot de passe ou de votre compte, vous devez aviser sans d\u00e9lais Powerplaypro.com \u00e0 custserv@powerplaypro.com.<\/p>\n\n\n\n<h2 class=\"wp-block-heading\">3- COMMUNICATIONS \u00c9LECTRONIQUES<\/h2>\n\n\n\n<p>powerplaypro.com communique avec ses clients par voie \u00e9lectronique, principalement par courriel. En tant que client, vous consentez \u00e0 ce que tous les accords, avis, informations et autres communications que nous vous fournissons \u00e9lectroniquement satisfont aux exigences l\u00e9gales en autant que les communications soient faites par \u00e9crit.<\/p>\n\n\n\n<h2 class=\"wp-block-heading\"><strong>4 \u2013 Confidentialit\u00e9<\/strong><\/h2>\n\n\n\n<p>Vous acceptez et consentez \u00e0 l\u2019utilisation et la divulgation de vos Informations d\u2019Ordre Personnel conform\u00e9ment \u00e0 notre Politique de Confidentialit\u00e9. Pour plus d\u2019informations sur la fa\u00e7on dont Powerplaypro.com recueille, utilise et divulgue Informations d\u2019Ordre Personnel, s\u2019il vous pla\u00eet, veuillez vous r\u00e9f\u00e9rer \u00e0 la Politique de Confidentialit\u00e9.<\/p>\n\n\n\n<h2 class=\"wp-block-heading\"><strong>5 \u2013 L\u2019utilisation licite<\/strong><\/h2>\n\n\n\n<p>Le client ne doit pas utiliser le Site \u00e0 des fins ill\u00e9gales. Vous vous engagez en outre \u00e0 ne transmettre aucun mat\u00e9riel : (i) qui est ill\u00e9gal, abusif, profane, obsc\u00e8ne, vulgaire, diffamatoire, mena\u00e7ant, envahissant des droits de publicit\u00e9 ou de confidentialit\u00e9, ou autrement r\u00e9pr\u00e9hensible; (ii) qui viole ou enfreint les droits d\u2019autrui de n\u2019importe quelle mani\u00e8re, (iii) qui encourage les autres \u00e0 commettre des actes ill\u00e9gaux; (iv) qui contient de la publicit\u00e9 ou de la sollicitation pour des biens ou des services qui n\u2019ont pas re\u00e7us l\u2019approbation pr\u00e9alable de Powerplaypro.com; (v) qui emp\u00eache les autres clients d\u2019utiliser et d\u2019appr\u00e9cier le Site.<\/p>\n\n\n\n<h2 class=\"wp-block-heading\">6- <strong>PROPRI\u00c9T\u00c9 INTELLECTUELLE ET MARQUES DE COMMERCE<\/strong><\/h2>\n\n\n\n<p>Sauf indication contraire, le Site contient des \u00e9l\u00e9ments faisant l\u2019objet d\u2019un droit d\u2019auteur ou d\u2019une propri\u00e9t\u00e9 exclusive que le client reconna\u00eet et s\u2019engage \u00e0 ne pas reproduire sans autorisation \u00e9crite expresse de Powerplaypro.com. Ces \u00e9l\u00e9ments comprennent, mais sans s\u2019y limiter, tous les textes, images, marques, logos et autres contenus \u00e9num\u00e9r\u00e9s dans ce document, y compris, mais sans s\u2019y limiter, la marque de commerce et le logo Powerplaypro.com ainsi que tous les dessins, textes, graphiques, photos, informations, donn\u00e9es, le code des logiciels, des fichiers sonores, d\u2019autres fichiers, ainsi que leur s\u00e9lection et l\u2019arrangement, y compris des graphiques personnalis\u00e9s, les ic\u00f4nes, et\/ou de l\u2019image commerciale (collectivement, le \u00abContenu du Site\u00bb). Le contenu du Site est la propri\u00e9t\u00e9 exclusive de Powerplaypro.com ou de ses soci\u00e9t\u00e9s affili\u00e9es, partenaires, ou fournisseurs de contenu, qui sont tous prot\u00e9g\u00e9s par les lois canadiennes et internationales sur le droit d\u2019auteur. Powerplaypro.com, son logo, et tout autre produit ou service ou slogan affich\u00e9s sur le site sont des marques d\u00e9pos\u00e9es et\/ou marques de commerce de droit commun de Powerplaypro.com et\/ou de ses fournisseurs ou conc\u00e9dant de licence, et ne peuvent \u00eatre copi\u00e9s, imit\u00e9s ou utilis\u00e9s, en tout ou en partie, sans le consentement expr\u00e8s \u00e9crit de Powerplaypro.com ou du titulaire de la marque applicable.<\/p>\n\n\n\n<p>Toutes les autres marques, marques d\u00e9pos\u00e9es, noms de produits et noms de soci\u00e9t\u00e9s ou logos mentionn\u00e9s sur le Site sont la propri\u00e9t\u00e9 de leurs propri\u00e9taires respectifs. Toute r\u00e9f\u00e9rence \u00e0 des produits, services, processus ou autres informations, par nom commercial, marque de commerce, fabricant et fournisseur ou autre ne constitue pas ou n\u2019implique pas une approbation, un parrainage ou une recommandation de la part de Powerplaypro.com.<\/p>\n\n\n\n<p>Tout contrevenant \u00e0 ces dispositions s\u2019expose \u00e0 des recours en violation de droit d\u2019auteur, de marque de commerce ou de propri\u00e9t\u00e9 intellectuelle et risque des sanctions civiles et\/ou p\u00e9nales.<\/p>\n\n\n\n<h2 class=\"wp-block-heading\">7- <strong>EXON\u00c9RATIONS ET LIMITES DE RESPONSABILIT\u00c9<\/strong><\/h2>\n\n\n\n<p>Powerplaypro.com n\u2019offre aucune garantie d\u2019aucune sorte, expresse ou implicite, quant \u00e0 l\u2019exploitation du site ou de son contenu, des informations, produits ou services qui sont en vedette sur le Site.<\/p>\n\n\n\n<p>Le Client s\u2019engage \u00e0 utiliser ce Site \u00e0 ses propres risques et p\u00e9rils. Le client comprend et accepte express\u00e9ment que Powerplaypro.com, ses employ\u00e9s, dirigeants, actionnaires, mandataires, les partis affili\u00e9s, ou toute personne ou entit\u00e9 impliqu\u00e9e dans la cr\u00e9ation, la production, la publication ou la distribution de contenu Powerplaypro.com, ne peuvent en aucun cas \u00eatre tenu responsables pour les dommages, y compris, sans s\u2019y limiter, directs, indirects, fortuits, punitifs ou cons\u00e9cutifs, d\u00e9coulant de l\u2019utilisation ou de l\u2019impossibilit\u00e9 d\u2019utiliser le Site, peu importe la fa\u00e7on dont de tels dommages ont pu se produire.<\/p>\n\n\n\n<p>Ni Powerplaypro.com, ni les tiers qui fournissent des contenus ou services, ne seront responsables des \u00e9ventuelles erreurs, inexactitudes, omissions ou autres d\u00e9fauts dans l\u2019information contenue sur ce Site, ou pour tout retard ou interruption dans la transmission de celle-ci au client, ou pour toute r\u00e9clamation ou perte d\u00e9coulant de la pr\u00e9sente, ind\u00e9pendamment de leur cause ou de leur dur\u00e9e.<\/p>\n\n\n\n<p>Dans toutes les mesures permises par la loi, Powerplaypro.com d\u00e9cline toutes les garanties, explicites ou implicites, y compris, entre autres, les garanties implicites de la part de nos partenaires commer\u00e7ants pour un but particulier. Powerplaypro.com ne garantit pas que ce Site, ses serveurs ou les courriels envoy\u00e9s \u00e0 partir du site soient exempts d\u2019\u00e9l\u00e9ments nuisibles, tels que des virus informatiques.<\/p>\n\n\n\n<h2 class=\"wp-block-heading\"><strong>8 \u2013 INDEMNISATION<\/strong><\/h2>\n\n\n\n<p>Le Client s\u2019engage \u00e0 indemniser Powerplaypro.com de tout dommage, perte, responsabilit\u00e9 ou d\u00e9pense et de toute mesure, r\u00e9clamation ou poursuite, y compris, mais non limit\u00e9 aux honoraires raisonnables d\u2019avocats, aux frais comptables et aux frais juridiques, pouvant \u00eatre intent\u00e9e contre Powerplaypro.com, ses soci\u00e9t\u00e9s affili\u00e9es, et chacun de leurs annonceurs, agents, conc\u00e9dants, fournisseurs, administrateurs, dirigeants, actionnaires, employ\u00e9s, agents, prestataires de services et d\u2019autres entrepreneurs (collectivement, \u00ab&nbsp;Groupe Powerplaypro.com&nbsp;\u00bb), faites par un tiers et r\u00e9sultant de ou li\u00e9s (a) \u00e0 l\u2019acc\u00e8s \u00e0 ou \u00e0 l\u2019utilisation de Powerplaypro.com et de ses services, y compris mais sans s\u2019y limiter, l\u2019acc\u00e8s par le Client ou un tiers au contenu ou \u00e0 d\u2019autres \u00e9l\u00e9ments disponibles par le biais du site web ou des sites web de tiers, ou l\u2019achat par le client de biens ou de services de tiers; (b) \u00e0 une violation de ces conditions d\u2019utilisation, y compris, mais sans s\u2019y limiter, toute repr\u00e9sentation ou garantie contenue dans le pr\u00e9sent accord, ou (c) au contenu ou \u00e0 l\u2019informations sur les produits, les affichages, les offres, les donn\u00e9es ou les \u00e9l\u00e9ments. Le Groupe Powerplaypro.com aura le droit, mais non l\u2019obligation, d\u2019intervenir et d\u2019\u00eatre repr\u00e9sent\u00e9 par un avocat de son choix lors de tout litige, moyen de d\u00e9fense par le Client ou de toute r\u00e9clamation \u00e0 laquelle le Client est tenu de d\u00e9fendre, d\u2019indemniser ou d\u2019exon\u00e9rer les parties Powerplaypro.com indemnis\u00e9es (i.e. \u00ab r\u00e9clamation indemnis\u00e9e \u00bb). Le client ne peut r\u00e9gler toute r\u00e9clamation indemnis\u00e9e sans le consentement pr\u00e9alable \u00e9crit des parties Powerplaypro.com&nbsp;indemnis\u00e9es concern\u00e9es.<\/p>\n\n\n\n<h2 class=\"wp-block-heading\"><strong>9 \u2013 LITIGE<\/strong><\/h2>\n\n\n\n<p>Le Site (\u00e0 l\u2019exclusion des sites tiers) est contr\u00f4l\u00e9 par Powerplaypro.com de ses bureaux \u00e0 Montr\u00e9al, Qu\u00e9bec. S\u2019il y a un litige concernant ou impliquant le Site, le client accepte que les parties soient r\u00e9gies par les lois de la province de Qu\u00e9bec et par les lois f\u00e9d\u00e9rales du Canada, sans consid\u00e9ration des dispositions de ce pays en mati\u00e8re de conflits des lois. Ces Termes &amp; Conditions, y compris la description suivante et les modalit\u00e9s des programmes de rabais Powerplaypro.com et la Politique de Confidentialit\u00e9, constituent l\u2019int\u00e9gralit\u00e9 de l\u2019entente conclue entre le Client et Powerplaypro.com par rapport \u00e0 l\u2019objet des pr\u00e9sentes et r\u00e9gissent l\u2019utilisation par le Client du Site web de Powerplaypro.com et remplacent toutes les ententes ant\u00e9rieures intervenues entre le client et Powerplaypro.com relativement \u00e0 l\u2019utilisation du Site Powerplaypro.com. Les titres de chacune des sections des pr\u00e9sentes conditions ne sont fournis qu\u2019\u00e0 titre indicatif et n\u2019ont aucune valeur ou effet contractuel.<\/p>\n\n\n\n<h1 class=\"wp-block-heading\">POLITIQUE DE REMBOURSEMENT<\/h1>\n\n\n\n<p>La satisfaction des clients est la priorit\u00e9 num\u00e9ro un chez powerplaypro.com<\/p>\n\n\n\n<p>Jusqu\u2019\u00e0 7 jours apr\u00e8s la date d\u2019achat et jusqu\u2019\u00e0 ce que votre commande soit exp\u00e9di\u00e9e, vous pouvez r\u00e9cup\u00e9rer votre argent sans poser de questions. Par la suite et \/ ou lors de l\u2019exp\u00e9dition de la commande, le produit est r\u00e9put\u00e9 vendu et donc le service est consid\u00e9r\u00e9 comme rendu. Toutes les ventes effectu\u00e9es par powerplaywashers.com sont soumises \u00e0 la politique de retour \u00e9mise par powerplaywashers.com. La responsabilit\u00e9 de consulter cette politique de retour avant de confirmer son achat appartient au client et avec sa confirmation de commande, il accepte cette politique. Powerplaypro.com honore le remboursement des erreurs dont il est responsable, mais n\u2019offre aucune garantie sur les erreurs li\u00e9es aux informations fournies par le client lors de la commande. A cet effet, un justificatif de confirmation sera adress\u00e9 au client avant l\u2019exp\u00e9dition de la marchandise. A moins que le client ne communique avec powerplaywashers.com pour modifier les informations figurant sur la confirmation de commande dans les 24 heures suivant sa r\u00e9ception, la conformit\u00e9 de la commande est r\u00e9put\u00e9e valid\u00e9e par le client et scelle le contrat.<\/p>\n\n\n\n<p>Dans le cas o\u00f9 powerplaywashers.com serait responsable d\u2019une erreur survenue lors du traitement de la commande, le client doit signaler l\u2019erreur dans les 10 jours suivant l\u2019exp\u00e9dition, sinon aucune compensation ne sera appliqu\u00e9e. Une demande aupr\u00e8s de powerplaywashers.com ne garantit pas un remboursement ou d\u2019autres mesures de compensation. Chaque cas sera trait\u00e9 s\u00e9par\u00e9ment et une d\u00e9cision sera prise dans les 5 jours ouvrables suivant la demande. Toute demande raisonnable sera consid\u00e9r\u00e9e et Powerplaypro.com s\u2019engage \u00e0 agir de bonne foi dans la r\u00e9solution des probl\u00e8mes car la satisfaction du client est une priorit\u00e9.<\/p>\n\n\n\n<h2 class=\"wp-block-heading\"><strong>TERMES DE VENTE<\/strong><\/h2>\n\n\n\n<p>Le transfert de responsabilit\u00e9 s\u2019effectue au moment de la vente. Le Client devient propri\u00e9taire de la marchandise lorsque celle-ci est r\u00e9put\u00e9e comme \u00e9tant vendue, c\u2019est-\u00e0-dire lorsque la commande est exp\u00e9di\u00e9e. Les risques de transport sont la responsabilit\u00e9 du client.<\/p>\n\n\n\n<h2 class=\"wp-block-heading\"><strong>INT\u00c9GRALIT\u00c9 DE L\u2019ACCORD<\/strong><\/h2>\n\n\n\n<p>Les pr\u00e9sents Termes et Conditions et la Politique de Confidentialit\u00e9 constituent l\u2019entente int\u00e9grale entre le Client et Powerplaypro.com par rapport \u00e0 l\u2019objet des pr\u00e9sentes et r\u00e9gissent l\u2019utilisation par le client du site Powerplaypro.com, annule et remplace tout accord pr\u00e9alable entre le Client et Powerplaypro.com li\u00e9 \u00e0 l\u2019objet des pr\u00e9sentes pour l\u2019utilisation de Powerplaypro.com. Les titres des sections des Termes et Conditions ont pour unique but d\u2019en faciliter la lecture et n\u2019ont aucun effet l\u00e9gal ou contractuel.<\/p>\n\n\n\n<p>Si une disposition des pr\u00e9sents Termes et Conditions est jug\u00e9e invalide par un tribunal de juridiction comp\u00e9tente, cette invalidit\u00e9 ne doit pas affecter le caract\u00e8re ex\u00e9cutoire des autres dispositions contenues dans les pr\u00e9sents Termes et Conditions, et les portions restantes des pr\u00e9sents Termes et Conditions demeureront en vigueur et de plein effet. Si une partie \u00e9choue \u00e0 l\u2019exercice de ses droits en vertu des pr\u00e9sents Termes et Conditions, ceci ne peut \u00eatre consid\u00e9r\u00e9 comme une renonciation ou d\u00e9ch\u00e9ance desdits droits ou tout autre droit pr\u00e9vu ci-dessous.<\/p>\n\n\n\n<p>Pour plus d\u2019informations au sujet de notre collecte de renseignements personnels, s\u2019il vous pla\u00eet veuillez consulter notre Politique de confidentialit\u00e9.<\/p>\n\n\n\n<p>Si vous avez des questions concernant les pr\u00e9sents Termes et Conditions du site, s\u2019il vous pla\u00eet veuillez nous contacter par courriel \u00e0&nbsp;custserv@powerplaypro.com.<\/p>\n\n\n\n<p>1-855-770-7529<br><br><strong>Powerplay<\/strong><br>1850 Hymus Blvd,<br>Dorval, QC<br>H9P 1J7<\/p>\n","protected":false},"excerpt":{"rendered":"<p>PARTIE I \u2013 G\u00c9N\u00c9RALIT\u00c9S Bienvenue \u00e0 Powerplaypro.com, un site web d\u00e9tenu et exploit\u00e9 par Powerplay Inc. (ci-apr\u00e8s d\u00e9nomm\u00e9 \u00ab powerplaypro.com [&hellip;]<\/p>\n","protected":false},"author":2,"featured_media":0,"parent":0,"menu_order":0,"comment_status":"closed","ping_status":"closed","template":"","meta":{"_glsr_average":0,"_glsr_ranking":0,"_glsr_reviews":0,"footnotes":""},"class_list":["post-1497","page","type-page","status-publish","hentry"],"acf":[],"yoast_head":"<!-- This site is optimized with the Yoast SEO plugin v27.3 - https:\/\/yoast.com\/product\/yoast-seo-wordpress\/ -->\n<title>Termes &amp; Conditions | POWERPLAY\u00ae<\/title>\n<meta name=\"robots\" content=\"index, follow, max-snippet:-1, max-image-preview:large, max-video-preview:-1\" \/>\n<link rel=\"canonical\" href=\"https:\/\/powerplaypro.com\/fr\/termes-conditions\/\" \/>\n<meta property=\"og:locale\" content=\"fr_FR\" \/>\n<meta property=\"og:type\" content=\"article\" \/>\n<meta property=\"og:title\" content=\"Termes &amp; Conditions | POWERPLAY\u00ae\" \/>\n<meta property=\"og:description\" content=\"PARTIE I \u2013 G\u00c9N\u00c9RALIT\u00c9S Bienvenue \u00e0 Powerplaypro.com, un site web d\u00e9tenu et exploit\u00e9 par Powerplay Inc. (ci-apr\u00e8s d\u00e9nomm\u00e9 \u00ab powerplaypro.com [&hellip;]\" \/>\n<meta property=\"og:url\" content=\"https:\/\/powerplaypro.com\/fr\/termes-conditions\/\" \/>\n<meta property=\"og:site_name\" content=\"POWERPLAY\u00ae\" \/>\n<meta property=\"article:publisher\" content=\"https:\/\/www.facebook.com\/powerplaypro\/\" \/>\n<meta property=\"article:modified_time\" content=\"2023-04-17T18:07:51+00:00\" \/>\n<meta property=\"og:image\" content=\"https:\/\/powerplaypro.com\/wp-content\/uploads\/2023\/04\/about.png\" \/>\n\t<meta property=\"og:image:width\" content=\"1440\" \/>\n\t<meta property=\"og:image:height\" content=\"955\" \/>\n\t<meta property=\"og:image:type\" content=\"image\/png\" \/>\n<meta name=\"twitter:card\" content=\"summary_large_image\" \/>\n<meta name=\"twitter:site\" content=\"@powerplaypro\" \/>\n<meta name=\"twitter:label1\" content=\"Dur\u00e9e de lecture estim\u00e9e\" \/>\n\t<meta name=\"twitter:data1\" content=\"10 minutes\" \/>\n<script type=\"application\/ld+json\" class=\"yoast-schema-graph\">{\"@context\":\"https:\\\/\\\/schema.org\",\"@graph\":[{\"@type\":\"WebPage\",\"@id\":\"https:\\\/\\\/powerplaypro.com\\\/fr\\\/termes-conditions\\\/\",\"url\":\"https:\\\/\\\/powerplaypro.com\\\/fr\\\/termes-conditions\\\/\",\"name\":\"Termes & Conditions | POWERPLAY\u00ae\",\"isPartOf\":{\"@id\":\"https:\\\/\\\/powerplaypro.com\\\/fr\\\/#website\"},\"datePublished\":\"2023-04-03T15:23:14+00:00\",\"dateModified\":\"2023-04-17T18:07:51+00:00\",\"breadcrumb\":{\"@id\":\"https:\\\/\\\/powerplaypro.com\\\/fr\\\/termes-conditions\\\/#breadcrumb\"},\"inLanguage\":\"fr-FR\",\"potentialAction\":[{\"@type\":\"ReadAction\",\"target\":[\"https:\\\/\\\/powerplaypro.com\\\/fr\\\/termes-conditions\\\/\"]}]},{\"@type\":\"BreadcrumbList\",\"@id\":\"https:\\\/\\\/powerplaypro.com\\\/fr\\\/termes-conditions\\\/#breadcrumb\",\"itemListElement\":[{\"@type\":\"ListItem\",\"position\":1,\"name\":\"Home\",\"item\":\"https:\\\/\\\/powerplaypro.com\\\/fr\\\/\"},{\"@type\":\"ListItem\",\"position\":2,\"name\":\"Termes &#038; Conditions\"}]},{\"@type\":\"WebSite\",\"@id\":\"https:\\\/\\\/powerplaypro.com\\\/fr\\\/#website\",\"url\":\"https:\\\/\\\/powerplaypro.com\\\/fr\\\/\",\"name\":\"POWERPLAY\u00ae\",\"description\":\"Power Washers for Today&#039;s Dirt Warriors\u00ae\",\"publisher\":{\"@id\":\"https:\\\/\\\/powerplaypro.com\\\/fr\\\/#organization\"},\"potentialAction\":[{\"@type\":\"SearchAction\",\"target\":{\"@type\":\"EntryPoint\",\"urlTemplate\":\"https:\\\/\\\/powerplaypro.com\\\/fr\\\/?s={search_term_string}\"},\"query-input\":{\"@type\":\"PropertyValueSpecification\",\"valueRequired\":true,\"valueName\":\"search_term_string\"}}],\"inLanguage\":\"fr-FR\"},{\"@type\":\"Organization\",\"@id\":\"https:\\\/\\\/powerplaypro.com\\\/fr\\\/#organization\",\"name\":\"POWERPLAY\u00ae\",\"alternateName\":\"POWERPLAY\u00ae\",\"url\":\"https:\\\/\\\/powerplaypro.com\\\/fr\\\/\",\"logo\":{\"@type\":\"ImageObject\",\"inLanguage\":\"fr-FR\",\"@id\":\"https:\\\/\\\/powerplaypro.com\\\/fr\\\/#\\\/schema\\\/logo\\\/image\\\/\",\"url\":\"https:\\\/\\\/powerplaypro.com\\\/wp-content\\\/uploads\\\/2023\\\/04\\\/powerplay-logo.svg\",\"contentUrl\":\"https:\\\/\\\/powerplaypro.com\\\/wp-content\\\/uploads\\\/2023\\\/04\\\/powerplay-logo.svg\",\"width\":274,\"height\":56,\"caption\":\"POWERPLAY\u00ae\"},\"image\":{\"@id\":\"https:\\\/\\\/powerplaypro.com\\\/fr\\\/#\\\/schema\\\/logo\\\/image\\\/\"},\"sameAs\":[\"https:\\\/\\\/www.facebook.com\\\/powerplaypro\\\/\",\"https:\\\/\\\/x.com\\\/powerplaypro\",\"https:\\\/\\\/www.instagram.com\\\/powerplaywashers\\\/\",\"https:\\\/\\\/www.youtube.com\\\/channel\\\/UCrNVJaW1YdNv_OeBIRaMSvg?view_as=subscriber\"]}]}<\/script>\n<!-- \/ Yoast SEO plugin. -->","yoast_head_json":{"title":"Termes & Conditions | POWERPLAY\u00ae","robots":{"index":"index","follow":"follow","max-snippet":"max-snippet:-1","max-image-preview":"max-image-preview:large","max-video-preview":"max-video-preview:-1"},"canonical":"https:\/\/powerplaypro.com\/fr\/termes-conditions\/","og_locale":"fr_FR","og_type":"article","og_title":"Termes & Conditions | POWERPLAY\u00ae","og_description":"PARTIE I \u2013 G\u00c9N\u00c9RALIT\u00c9S Bienvenue \u00e0 Powerplaypro.com, un site web d\u00e9tenu et exploit\u00e9 par Powerplay Inc. (ci-apr\u00e8s d\u00e9nomm\u00e9 \u00ab powerplaypro.com [&hellip;]","og_url":"https:\/\/powerplaypro.com\/fr\/termes-conditions\/","og_site_name":"POWERPLAY\u00ae","article_publisher":"https:\/\/www.facebook.com\/powerplaypro\/","article_modified_time":"2023-04-17T18:07:51+00:00","og_image":[{"width":1440,"height":955,"url":"https:\/\/powerplaypro.com\/wp-content\/uploads\/2023\/04\/about.png","type":"image\/png"}],"twitter_card":"summary_large_image","twitter_site":"@powerplaypro","twitter_misc":{"Dur\u00e9e de lecture estim\u00e9e":"10 minutes"},"schema":{"@context":"https:\/\/schema.org","@graph":[{"@type":"WebPage","@id":"https:\/\/powerplaypro.com\/fr\/termes-conditions\/","url":"https:\/\/powerplaypro.com\/fr\/termes-conditions\/","name":"Termes & Conditions | POWERPLAY\u00ae","isPartOf":{"@id":"https:\/\/powerplaypro.com\/fr\/#website"},"datePublished":"2023-04-03T15:23:14+00:00","dateModified":"2023-04-17T18:07:51+00:00","breadcrumb":{"@id":"https:\/\/powerplaypro.com\/fr\/termes-conditions\/#breadcrumb"},"inLanguage":"fr-FR","potentialAction":[{"@type":"ReadAction","target":["https:\/\/powerplaypro.com\/fr\/termes-conditions\/"]}]},{"@type":"BreadcrumbList","@id":"https:\/\/powerplaypro.com\/fr\/termes-conditions\/#breadcrumb","itemListElement":[{"@type":"ListItem","position":1,"name":"Home","item":"https:\/\/powerplaypro.com\/fr\/"},{"@type":"ListItem","position":2,"name":"Termes &#038; Conditions"}]},{"@type":"WebSite","@id":"https:\/\/powerplaypro.com\/fr\/#website","url":"https:\/\/powerplaypro.com\/fr\/","name":"POWERPLAY\u00ae","description":"Power Washers for Today&#039;s Dirt Warriors\u00ae","publisher":{"@id":"https:\/\/powerplaypro.com\/fr\/#organization"},"potentialAction":[{"@type":"SearchAction","target":{"@type":"EntryPoint","urlTemplate":"https:\/\/powerplaypro.com\/fr\/?s={search_term_string}"},"query-input":{"@type":"PropertyValueSpecification","valueRequired":true,"valueName":"search_term_string"}}],"inLanguage":"fr-FR"},{"@type":"Organization","@id":"https:\/\/powerplaypro.com\/fr\/#organization","name":"POWERPLAY\u00ae","alternateName":"POWERPLAY\u00ae","url":"https:\/\/powerplaypro.com\/fr\/","logo":{"@type":"ImageObject","inLanguage":"fr-FR","@id":"https:\/\/powerplaypro.com\/fr\/#\/schema\/logo\/image\/","url":"https:\/\/powerplaypro.com\/wp-content\/uploads\/2023\/04\/powerplay-logo.svg","contentUrl":"https:\/\/powerplaypro.com\/wp-content\/uploads\/2023\/04\/powerplay-logo.svg","width":274,"height":56,"caption":"POWERPLAY\u00ae"},"image":{"@id":"https:\/\/powerplaypro.com\/fr\/#\/schema\/logo\/image\/"},"sameAs":["https:\/\/www.facebook.com\/powerplaypro\/","https:\/\/x.com\/powerplaypro","https:\/\/www.instagram.com\/powerplaywashers\/","https:\/\/www.youtube.com\/channel\/UCrNVJaW1YdNv_OeBIRaMSvg?view_as=subscriber"]}]}},"_links":{"self":[{"href":"https:\/\/powerplaypro.com\/fr\/wp-json\/wp\/v2\/pages\/1497","targetHints":{"allow":["GET"]}}],"collection":[{"href":"https:\/\/powerplaypro.com\/fr\/wp-json\/wp\/v2\/pages"}],"about":[{"href":"https:\/\/powerplaypro.com\/fr\/wp-json\/wp\/v2\/types\/page"}],"author":[{"embeddable":true,"href":"https:\/\/powerplaypro.com\/fr\/wp-json\/wp\/v2\/users\/2"}],"replies":[{"embeddable":true,"href":"https:\/\/powerplaypro.com\/fr\/wp-json\/wp\/v2\/comments?post=1497"}],"version-history":[{"count":3,"href":"https:\/\/powerplaypro.com\/fr\/wp-json\/wp\/v2\/pages\/1497\/revisions"}],"predecessor-version":[{"id":2016,"href":"https:\/\/powerplaypro.com\/fr\/wp-json\/wp\/v2\/pages\/1497\/revisions\/2016"}],"wp:attachment":[{"href":"https:\/\/powerplaypro.com\/fr\/wp-json\/wp\/v2\/media?parent=1497"}],"curies":[{"name":"wp","href":"https:\/\/api.w.org\/{rel}","templated":true}]}}